{"id":12,"date":"2025-12-18T15:31:40","date_gmt":"2025-12-18T15:31:40","guid":{"rendered":"https:\/\/communautecongolaiseunie.co.za\/?page_id=12"},"modified":"2026-03-12T05:24:46","modified_gmt":"2026-03-12T05:24:46","slug":"home","status":"publish","type":"page","link":"https:\/\/communautecongolaiseunie.co.za\/","title":{"rendered":"Home"},"content":{"rendered":"\t\t<div data-elementor-type=\"wp-page\" data-elementor-id=\"12\" class=\"elementor elementor-12\" data-elementor-post-type=\"page\">\n\t\t\t\t<div class=\"elementor-element elementor-element-7497dd8 e-con-full e-flex e-con e-parent\" data-id=\"7497dd8\" data-element_type=\"container\" data-settings=\"{&quot;background_background&quot;:&quot;classic&quot;}\">\n\t\t<div class=\"elementor-element elementor-element-10079ce e-flex e-con-boxed e-con e-child\" data-id=\"10079ce\" data-element_type=\"container\">\n\t\t\t\t\t<div class=\"e-con-inner\">\n\t\t\t\t<div class=\"elementor-element elementor-element-3cd3fe4 elementor-widget elementor-widget-spacer\" data-id=\"3cd3fe4\" data-element_type=\"widget\" data-widget_type=\"spacer.default\">\n\t\t\t\t\t\t\t<div class=\"elementor-spacer\">\n\t\t\t<div class=\"elementor-spacer-inner\"><\/div>\n\t\t<\/div>\n\t\t\t\t\t\t<\/div>\n\t\t\t\t<div class=\"elementor-element elementor-element-e8b29d7 elementor-widget elementor-widget-heading\" data-id=\"e8b29d7\" data-element_type=\"widget\" data-widget_type=\"heading.default\">\n\t\t\t\t\t<h3 class=\"elementor-heading-title elementor-size-default\">Communaute Congolaise Unie<\/h3>\t\t\t\t<\/div>\n\t\t\t\t<div class=\"elementor-element elementor-element-a250826 elementor-widget elementor-widget-text-editor\" data-id=\"a250826\" data-element_type=\"widget\" data-widget_type=\"text-editor.default\">\n\t\t\t\t\t\t\t\t\t<p>La Communaut\u00e9 Congolaise Unie (CCU) est une organisation \u00e0 but non lucratif (ASBL)<br \/>enregistr\u00e9e conform\u00e9ment aux dispositions du D\u00e9partement sud-africain<\/p>\t\t\t\t\t\t\t\t<\/div>\n\t\t\t\t<div class=\"elementor-element elementor-element-9f2bf26 elementor-align-center elementor-widget elementor-widget-button\" data-id=\"9f2bf26\" data-element_type=\"widget\" data-widget_type=\"button.default\">\n\t\t\t\t\t\t\t\t\t\t<a class=\"elementor-button elementor-button-link elementor-size-sm\" href=\"https:\/\/communautecongolaiseunie.co.za\/index.php\/membership\/\">\n\t\t\t\t\t\t<span class=\"elementor-button-content-wrapper\">\n\t\t\t\t\t\t<span class=\"elementor-button-icon\">\n\t\t\t\t<svg aria-hidden=\"true\" class=\"e-font-icon-svg e-fab-wpforms\" viewBox=\"0 0 448 512\" xmlns=\"http:\/\/www.w3.org\/2000\/svg\"><path d=\"M448 75.2v361.7c0 24.3-19 43.2-43.2 43.2H43.2C19.3 480 0 461.4 0 436.8V75.2C0 51.1 18.8 32 43.2 32h361.7c24 0 43.1 18.8 43.1 43.2zm-37.3 361.6V75.2c0-3-2.6-5.8-5.8-5.8h-9.3L285.3 144 224 94.1 162.8 144 52.5 69.3h-9.3c-3.2 0-5.8 2.8-5.8 5.8v361.7c0 3 2.6 5.8 5.8 5.8h361.7c3.2.1 5.8-2.7 5.8-5.8zM150.2 186v37H76.7v-37h73.5zm0 74.4v37.3H76.7v-37.3h73.5zm11.1-147.3l54-43.7H96.8l64.5 43.7zm210 72.9v37h-196v-37h196zm0 74.4v37.3h-196v-37.3h196zm-84.6-147.3l64.5-43.7H232.8l53.9 43.7zM371.3 335v37.3h-99.4V335h99.4z\"><\/path><\/svg>\t\t\t<\/span>\n\t\t\t\t\t\t\t\t\t<span class=\"elementor-button-text\">Register to Become a Membership<\/span>\n\t\t\t\t\t<\/span>\n\t\t\t\t\t<\/a>\n\t\t\t\t\t\t\t\t<\/div>\n\t\t\t\t\t<\/div>\n\t\t\t\t<\/div>\n\t\t\t\t<\/div>\n\t\t<div class=\"elementor-element elementor-element-b73dc51 e-flex e-con-boxed e-con e-parent\" data-id=\"b73dc51\" data-element_type=\"container\">\n\t\t\t\t\t<div class=\"e-con-inner\">\n\t\t<div class=\"elementor-element elementor-element-1e1e344 e-con-full e-flex e-con e-child\" data-id=\"1e1e344\" data-element_type=\"container\">\n\t\t\t\t<div class=\"elementor-element elementor-element-e0030ca elementor-widget elementor-widget-heading\" data-id=\"e0030ca\" data-element_type=\"widget\" data-widget_type=\"heading.default\">\n\t\t\t\t\t<h2 class=\"elementor-heading-title elementor-size-default\">Nom de l\u2019Association<\/h2>\t\t\t\t<\/div>\n\t\t\t\t<div class=\"elementor-element elementor-element-8e429f6 elementor-widget elementor-widget-text-editor\" data-id=\"8e429f6\" data-element_type=\"widget\" data-widget_type=\"text-editor.default\">\n\t\t\t\t\t\t\t\t\t<p>Le nom de l&#8217;Association sera Communaut\u00e9 Congolaise Unie ci-apr\u00e8s d\u00e9nomm\u00e9e et<br \/>abr\u00e9g\u00e9e CCU.<br \/>La Communaut\u00e9 Congolaise Unie (CCU) est une organisation \u00e0 but non lucratif (ASBL)<br \/>enregistr\u00e9e conform\u00e9ment aux dispositions du D\u00e9partement sud-africain du d\u00e9veloppement<br \/>social et est fond\u00e9e sur les valeurs suivantes : Apolitiques, Non tribaux, Activit\u00e9s \u00e0 but non lucrative, Non raciales, Ar\u00e9ligieuses, \u00c9galit\u00e9 des sexes ou parit\u00e9, L&#8217;association est une personne morale dot\u00e9e de sa propre identit\u00e9 juridique.<br \/>La communaut\u00e9 congolaise Unie est multilingue limit\u00e9e \u00e0 4 langues nationales plus le fran\u00e7ais ainsi que l\u2019anglais.<\/p>\t\t\t\t\t\t\t\t<\/div>\n\t\t\t\t<div class=\"elementor-element elementor-element-96b9ccf elementor-widget elementor-widget-button\" data-id=\"96b9ccf\" data-element_type=\"widget\" data-widget_type=\"button.default\">\n\t\t\t\t\t\t\t\t\t\t<a class=\"elementor-button elementor-button-link elementor-size-sm\" href=\"https:\/\/communautecongolaiseunie.co.za\/wp-content\/uploads\/2026\/03\/CCU-CONSTITUTION-DRAFT-01-MAY-2023.pdf\">\n\t\t\t\t\t\t<span class=\"elementor-button-content-wrapper\">\n\t\t\t\t\t\t<span class=\"elementor-button-icon\">\n\t\t\t\t<svg aria-hidden=\"true\" class=\"e-font-icon-svg e-far-file-pdf\" viewBox=\"0 0 384 512\" xmlns=\"http:\/\/www.w3.org\/2000\/svg\"><path d=\"M369.9 97.9L286 14C277 5 264.8-.1 252.1-.1H48C21.5 0 0 21.5 0 48v416c0 26.5 21.5 48 48 48h288c26.5 0 48-21.5 48-48V131.9c0-12.7-5.1-25-14.1-34zM332.1 128H256V51.9l76.1 76.1zM48 464V48h160v104c0 13.3 10.7 24 24 24h104v288H48zm250.2-143.7c-12.2-12-47-8.7-64.4-6.5-17.2-10.5-28.7-25-36.8-46.3 3.9-16.1 10.1-40.6 5.4-56-4.2-26.2-37.8-23.6-42.6-5.9-4.4 16.1-.4 38.5 7 67.1-10 23.9-24.9 56-35.4 74.4-20 10.3-47 26.2-51 46.2-3.3 15.8 26 55.2 76.1-31.2 22.4-7.4 46.8-16.5 68.4-20.1 18.9 10.2 41 17 55.8 17 25.5 0 28-28.2 17.5-38.7zm-198.1 77.8c5.1-13.7 24.5-29.5 30.4-35-19 30.3-30.4 35.7-30.4 35zm81.6-190.6c7.4 0 6.7 32.1 1.8 40.8-4.4-13.9-4.3-40.8-1.8-40.8zm-24.4 136.6c9.7-16.9 18-37 24.7-54.7 8.3 15.1 18.9 27.2 30.1 35.5-20.8 4.3-38.9 13.1-54.8 19.2zm131.6-5s-5 6-37.3-7.8c35.1-2.6 40.9 5.4 37.3 7.8z\"><\/path><\/svg>\t\t\t<\/span>\n\t\t\t\t\t\t\t\t\t<span class=\"elementor-button-text\">t\u00e9l\u00e9charger CCU CONSTITUTION<\/span>\n\t\t\t\t\t<\/span>\n\t\t\t\t\t<\/a>\n\t\t\t\t\t\t\t\t<\/div>\n\t\t\t\t<\/div>\n\t\t<div class=\"elementor-element elementor-element-ef6fa36 e-con-full e-flex e-con e-child\" data-id=\"ef6fa36\" data-element_type=\"container\">\n\t\t\t\t<div class=\"elementor-element elementor-element-983f71d elementor-widget elementor-widget-image\" data-id=\"983f71d\" data-element_type=\"widget\" data-widget_type=\"image.default\">\n\t\t\t\t\t\t\t\t\t\t\t\t\t\t\t<img fetchpriority=\"high\" decoding=\"async\" width=\"1024\" height=\"768\" src=\"https:\/\/communautecongolaiseunie.co.za\/wp-content\/uploads\/2026\/01\/WhatsApp-Image-2026-01-19-at-11.321.06-1024x768.jpeg\" class=\"attachment-large size-large wp-image-135\" alt=\"\" srcset=\"https:\/\/communautecongolaiseunie.co.za\/wp-content\/uploads\/2026\/01\/WhatsApp-Image-2026-01-19-at-11.321.06-1024x768.jpeg 1024w, https:\/\/communautecongolaiseunie.co.za\/wp-content\/uploads\/2026\/01\/WhatsApp-Image-2026-01-19-at-11.321.06-300x225.jpeg 300w, https:\/\/communautecongolaiseunie.co.za\/wp-content\/uploads\/2026\/01\/WhatsApp-Image-2026-01-19-at-11.321.06-768x576.jpeg 768w, https:\/\/communautecongolaiseunie.co.za\/wp-content\/uploads\/2026\/01\/WhatsApp-Image-2026-01-19-at-11.321.06.jpeg 1280w\" sizes=\"(max-width: 1024px) 100vw, 1024px\" \/>\t\t\t\t\t\t\t\t\t\t\t\t\t\t\t<\/div>\n\t\t\t\t<\/div>\n\t\t\t\t\t<\/div>\n\t\t\t\t<\/div>\n\t\t<div class=\"elementor-element elementor-element-b17b3aa e-flex e-con-boxed e-con e-parent\" data-id=\"b17b3aa\" data-element_type=\"container\">\n\t\t\t\t\t<div class=\"e-con-inner\">\n\t\t\t\t<div class=\"elementor-element elementor-element-54819dd gallery-spacing-custom elementor-widget elementor-widget-image-gallery\" data-id=\"54819dd\" data-element_type=\"widget\" data-widget_type=\"image-gallery.default\">\n\t\t\t\t\t\t\t<div class=\"elementor-image-gallery\">\n\t\t\t<div id='gallery-1' class='gallery galleryid-12 gallery-columns-4 gallery-size-full'><figure class='gallery-item'>\n\t\t\t<div class='gallery-icon landscape'>\n\t\t\t\t<a data-elementor-open-lightbox=\"yes\" data-elementor-lightbox-slideshow=\"54819dd\" data-elementor-lightbox-title=\"WhatsApp Image 2026-01-19 at 15.30.59\" data-e-action-hash=\"#elementor-action%3Aaction%3Dlightbox%26settings%3DeyJpZCI6MTQzLCJ1cmwiOiJodHRwczpcL1wvY29tbXVuYXV0ZWNvbmdvbGFpc2V1bmllLmNvLnphXC93cC1jb250ZW50XC91cGxvYWRzXC8yMDI2XC8wMVwvV2hhdHNBcHAtSW1hZ2UtMjAyNi0wMS0xOS1hdC0xNS4zMC41OS5qcGVnIiwic2xpZGVzaG93IjoiNTQ4MTlkZCJ9\" href='https:\/\/communautecongolaiseunie.co.za\/wp-content\/uploads\/2026\/01\/WhatsApp-Image-2026-01-19-at-15.30.59.jpeg'><img decoding=\"async\" width=\"1600\" height=\"1200\" src=\"https:\/\/communautecongolaiseunie.co.za\/wp-content\/uploads\/2026\/01\/WhatsApp-Image-2026-01-19-at-15.30.59.jpeg\" class=\"attachment-full size-full\" alt=\"\" srcset=\"https:\/\/communautecongolaiseunie.co.za\/wp-content\/uploads\/2026\/01\/WhatsApp-Image-2026-01-19-at-15.30.59.jpeg 1600w, https:\/\/communautecongolaiseunie.co.za\/wp-content\/uploads\/2026\/01\/WhatsApp-Image-2026-01-19-at-15.30.59-300x225.jpeg 300w, https:\/\/communautecongolaiseunie.co.za\/wp-content\/uploads\/2026\/01\/WhatsApp-Image-2026-01-19-at-15.30.59-1024x768.jpeg 1024w, https:\/\/communautecongolaiseunie.co.za\/wp-content\/uploads\/2026\/01\/WhatsApp-Image-2026-01-19-at-15.30.59-768x576.jpeg 768w, https:\/\/communautecongolaiseunie.co.za\/wp-content\/uploads\/2026\/01\/WhatsApp-Image-2026-01-19-at-15.30.59-1536x1152.jpeg 1536w\" sizes=\"(max-width: 1600px) 100vw, 1600px\" \/><\/a>\n\t\t\t<\/div><\/figure><figure class='gallery-item'>\n\t\t\t<div class='gallery-icon landscape'>\n\t\t\t\t<a data-elementor-open-lightbox=\"yes\" data-elementor-lightbox-slideshow=\"54819dd\" data-elementor-lightbox-title=\"WhatsApp Image 2026-01-19 at 11.3057\" data-e-action-hash=\"#elementor-action%3Aaction%3Dlightbox%26settings%3DeyJpZCI6MTM5LCJ1cmwiOiJodHRwczpcL1wvY29tbXVuYXV0ZWNvbmdvbGFpc2V1bmllLmNvLnphXC93cC1jb250ZW50XC91cGxvYWRzXC8yMDI2XC8wMVwvV2hhdHNBcHAtSW1hZ2UtMjAyNi0wMS0xOS1hdC0xMS4zMDU3LmpwZWciLCJzbGlkZXNob3ciOiI1NDgxOWRkIn0%3D\" href='https:\/\/communautecongolaiseunie.co.za\/wp-content\/uploads\/2026\/01\/WhatsApp-Image-2026-01-19-at-11.3057.jpeg'><img decoding=\"async\" width=\"1600\" height=\"1200\" src=\"https:\/\/communautecongolaiseunie.co.za\/wp-content\/uploads\/2026\/01\/WhatsApp-Image-2026-01-19-at-11.3057.jpeg\" class=\"attachment-full size-full\" alt=\"\" srcset=\"https:\/\/communautecongolaiseunie.co.za\/wp-content\/uploads\/2026\/01\/WhatsApp-Image-2026-01-19-at-11.3057.jpeg 1600w, https:\/\/communautecongolaiseunie.co.za\/wp-content\/uploads\/2026\/01\/WhatsApp-Image-2026-01-19-at-11.3057-300x225.jpeg 300w, https:\/\/communautecongolaiseunie.co.za\/wp-content\/uploads\/2026\/01\/WhatsApp-Image-2026-01-19-at-11.3057-1024x768.jpeg 1024w, https:\/\/communautecongolaiseunie.co.za\/wp-content\/uploads\/2026\/01\/WhatsApp-Image-2026-01-19-at-11.3057-768x576.jpeg 768w, https:\/\/communautecongolaiseunie.co.za\/wp-content\/uploads\/2026\/01\/WhatsApp-Image-2026-01-19-at-11.3057-1536x1152.jpeg 1536w\" sizes=\"(max-width: 1600px) 100vw, 1600px\" \/><\/a>\n\t\t\t<\/div><\/figure><figure class='gallery-item'>\n\t\t\t<div class='gallery-icon landscape'>\n\t\t\t\t<a data-elementor-open-lightbox=\"yes\" data-elementor-lightbox-slideshow=\"54819dd\" data-elementor-lightbox-title=\"WhatsApp Image 2026-01-19 at 11.321.06\" data-e-action-hash=\"#elementor-action%3Aaction%3Dlightbox%26settings%3DeyJpZCI6MTM1LCJ1cmwiOiJodHRwczpcL1wvY29tbXVuYXV0ZWNvbmdvbGFpc2V1bmllLmNvLnphXC93cC1jb250ZW50XC91cGxvYWRzXC8yMDI2XC8wMVwvV2hhdHNBcHAtSW1hZ2UtMjAyNi0wMS0xOS1hdC0xMS4zMjEuMDYuanBlZyIsInNsaWRlc2hvdyI6IjU0ODE5ZGQifQ%3D%3D\" href='https:\/\/communautecongolaiseunie.co.za\/wp-content\/uploads\/2026\/01\/WhatsApp-Image-2026-01-19-at-11.321.06.jpeg'><img loading=\"lazy\" decoding=\"async\" width=\"1280\" height=\"960\" src=\"https:\/\/communautecongolaiseunie.co.za\/wp-content\/uploads\/2026\/01\/WhatsApp-Image-2026-01-19-at-11.321.06.jpeg\" class=\"attachment-full size-full\" alt=\"\" srcset=\"https:\/\/communautecongolaiseunie.co.za\/wp-content\/uploads\/2026\/01\/WhatsApp-Image-2026-01-19-at-11.321.06.jpeg 1280w, https:\/\/communautecongolaiseunie.co.za\/wp-content\/uploads\/2026\/01\/WhatsApp-Image-2026-01-19-at-11.321.06-300x225.jpeg 300w, https:\/\/communautecongolaiseunie.co.za\/wp-content\/uploads\/2026\/01\/WhatsApp-Image-2026-01-19-at-11.321.06-1024x768.jpeg 1024w, https:\/\/communautecongolaiseunie.co.za\/wp-content\/uploads\/2026\/01\/WhatsApp-Image-2026-01-19-at-11.321.06-768x576.jpeg 768w\" sizes=\"(max-width: 1280px) 100vw, 1280px\" \/><\/a>\n\t\t\t<\/div><\/figure><figure class='gallery-item'>\n\t\t\t<div class='gallery-icon landscape'>\n\t\t\t\t<a data-elementor-open-lightbox=\"yes\" data-elementor-lightbox-slideshow=\"54819dd\" data-elementor-lightbox-title=\"f84a78b7-f1c6-45ea-aaa8-8caa69ffbb9d\" data-e-action-hash=\"#elementor-action%3Aaction%3Dlightbox%26settings%3DeyJpZCI6MTU0LCJ1cmwiOiJodHRwczpcL1wvY29tbXVuYXV0ZWNvbmdvbGFpc2V1bmllLmNvLnphXC93cC1jb250ZW50XC91cGxvYWRzXC8yMDI2XC8wMVwvZjg0YTc4YjctZjFjNi00NWVhLWFhYTgtOGNhYTY5ZmZiYjlkLmpwZyIsInNsaWRlc2hvdyI6IjU0ODE5ZGQifQ%3D%3D\" href='https:\/\/communautecongolaiseunie.co.za\/wp-content\/uploads\/2026\/01\/f84a78b7-f1c6-45ea-aaa8-8caa69ffbb9d.jpg'><img loading=\"lazy\" decoding=\"async\" width=\"1280\" height=\"960\" src=\"https:\/\/communautecongolaiseunie.co.za\/wp-content\/uploads\/2026\/01\/f84a78b7-f1c6-45ea-aaa8-8caa69ffbb9d.jpg\" class=\"attachment-full size-full\" alt=\"\" srcset=\"https:\/\/communautecongolaiseunie.co.za\/wp-content\/uploads\/2026\/01\/f84a78b7-f1c6-45ea-aaa8-8caa69ffbb9d.jpg 1280w, https:\/\/communautecongolaiseunie.co.za\/wp-content\/uploads\/2026\/01\/f84a78b7-f1c6-45ea-aaa8-8caa69ffbb9d-300x225.jpg 300w, https:\/\/communautecongolaiseunie.co.za\/wp-content\/uploads\/2026\/01\/f84a78b7-f1c6-45ea-aaa8-8caa69ffbb9d-1024x768.jpg 1024w, https:\/\/communautecongolaiseunie.co.za\/wp-content\/uploads\/2026\/01\/f84a78b7-f1c6-45ea-aaa8-8caa69ffbb9d-768x576.jpg 768w\" sizes=\"(max-width: 1280px) 100vw, 1280px\" \/><\/a>\n\t\t\t<\/div><\/figure>\n\t\t<\/div>\n\t\t<\/div>\n\t\t\t\t\t\t<\/div>\n\t\t\t\t\t<\/div>\n\t\t\t\t<\/div>\n\t\t\t\t<\/div>\n\t\t","protected":false},"excerpt":{"rendered":"<p>Communaute Congolaise Unie La Communaut\u00e9 Congolaise Unie (CCU) est une organisation \u00e0 but non lucratif (ASBL)enregistr\u00e9e conform\u00e9ment aux dispositions du D\u00e9partement sud-africain Register to Become a Membership Nom de l\u2019Association Le nom de l&#8217;Association sera Communaut\u00e9 Congolaise Unie ci-apr\u00e8s d\u00e9nomm\u00e9e etabr\u00e9g\u00e9e CCU.La Communaut\u00e9 Congolaise Unie (CCU) est une organisation \u00e0 but non lucratif (ASBL)enregistr\u00e9e conform\u00e9ment [&hellip;]<\/p>\n","protected":false},"author":1,"featured_media":0,"parent":0,"menu_order":0,"comment_status":"closed","ping_status":"closed","template":"","meta":{"footnotes":""},"class_list":["post-12","page","type-page","status-publish","hentry"],"blocksy_meta":[],"_links":{"self":[{"href":"https:\/\/communautecongolaiseunie.co.za\/index.php\/wp-json\/wp\/v2\/pages\/12","targetHints":{"allow":["GET"]}}],"collection":[{"href":"https:\/\/communautecongolaiseunie.co.za\/index.php\/wp-json\/wp\/v2\/pages"}],"about":[{"href":"https:\/\/communautecongolaiseunie.co.za\/index.php\/wp-json\/wp\/v2\/types\/page"}],"author":[{"embeddable":true,"href":"https:\/\/communautecongolaiseunie.co.za\/index.php\/wp-json\/wp\/v2\/users\/1"}],"replies":[{"embeddable":true,"href":"https:\/\/communautecongolaiseunie.co.za\/index.php\/wp-json\/wp\/v2\/comments?post=12"}],"version-history":[{"count":85,"href":"https:\/\/communautecongolaiseunie.co.za\/index.php\/wp-json\/wp\/v2\/pages\/12\/revisions"}],"predecessor-version":[{"id":296,"href":"https:\/\/communautecongolaiseunie.co.za\/index.php\/wp-json\/wp\/v2\/pages\/12\/revisions\/296"}],"wp:attachment":[{"href":"https:\/\/communautecongolaiseunie.co.za\/index.php\/wp-json\/wp\/v2\/media?parent=12"}],"curies":[{"name":"wp","href":"https:\/\/api.w.org\/{rel}","templated":true}]}}