{"id":23,"date":"2025-12-18T16:20:26","date_gmt":"2025-12-18T16:20:26","guid":{"rendered":"https:\/\/communautecongolaiseunie.co.za\/?page_id=23"},"modified":"2026-01-27T11:15:11","modified_gmt":"2026-01-27T11:15:11","slug":"about-us","status":"publish","type":"page","link":"https:\/\/communautecongolaiseunie.co.za\/index.php\/about-us\/","title":{"rendered":"About us"},"content":{"rendered":"\t\t<div data-elementor-type=\"wp-page\" data-elementor-id=\"23\" class=\"elementor elementor-23\" data-elementor-post-type=\"page\">\n\t\t\t\t<div class=\"elementor-element elementor-element-481b20f e-flex e-con-boxed e-con e-parent\" data-id=\"481b20f\" data-element_type=\"container\" data-settings=\"{&quot;background_background&quot;:&quot;classic&quot;}\">\n\t\t\t\t\t<div class=\"e-con-inner\">\n\t\t\t\t\t<\/div>\n\t\t\t\t<\/div>\n\t\t<div class=\"elementor-element elementor-element-3c44339 e-flex e-con-boxed e-con e-parent\" data-id=\"3c44339\" data-element_type=\"container\">\n\t\t\t\t\t<div class=\"e-con-inner\">\n\t\t<div class=\"elementor-element elementor-element-383f492 e-con-full e-flex e-con e-child\" data-id=\"383f492\" data-element_type=\"container\">\n\t\t\t\t<div class=\"elementor-element elementor-element-de1c8e9 elementor-widget elementor-widget-heading\" data-id=\"de1c8e9\" data-element_type=\"widget\" data-widget_type=\"heading.default\">\n\t\t\t\t\t<h2 class=\"elementor-heading-title elementor-size-default\">Structures<\/h2>\t\t\t\t<\/div>\n\t\t\t\t<div class=\"elementor-element elementor-element-979128d elementor-widget elementor-widget-text-editor\" data-id=\"979128d\" data-element_type=\"widget\" data-widget_type=\"text-editor.default\">\n\t\t\t\t\t\t\t\t\t<p>La Communaut\u00e9 Congolaise Unie (CCU) sera structur\u00e9e comme suit;<br \/>a) L\u2019ASSEMBL\u00c9EET LE G\u00c9N\u00c9RALE<br \/>Elle est compos\u00e9e de tous ses membres effectifs, sous r\u00e9serve de disposition de cette<br \/>constitution.<br \/>(b) LE CONSEIL DES SAGES<br \/>Compos\u00e9 de 20 membres, ne doit pas avoir plus de 20 Si\u00e8ges (Annexe2).<br \/>Il est l\u2019organe dirigeant de la communaut\u00e9 congolaise unie.<br \/>Article 6<br \/>Interpr\u00e9tations<br \/>Dans cette constitution, sauf indication contraire, le sens attribu\u00e9 aux mots et expressions doit assumer leur signification grammaticale ordinaire et la r\u00e9f\u00e9rence au singulier doit \u00eatre interpr\u00e9t\u00e9e comme incluant le pluriel et toute r\u00e9f\u00e9rence au genre masculin doit \u00e9galement \u00eatre interpr\u00e9t\u00e9e comme incluant le sexe f\u00e9minin et vice versa.<\/p>\t\t\t\t\t\t\t\t<\/div>\n\t\t\t\t<div class=\"elementor-element elementor-element-161f7d5 elementor-widget elementor-widget-button\" data-id=\"161f7d5\" data-element_type=\"widget\" data-widget_type=\"button.default\">\n\t\t\t\t\t\t\t\t\t\t<a class=\"elementor-button elementor-button-link elementor-size-sm\" href=\"https:\/\/communautecongolaiseunie.co.za\/wp-content\/uploads\/2026\/01\/REGLEMENT-DORDRE-INTERIEUR-29-NOVEMBER.pdf\">\n\t\t\t\t\t\t<span class=\"elementor-button-content-wrapper\">\n\t\t\t\t\t\t<span class=\"elementor-button-icon\">\n\t\t\t\t<svg aria-hidden=\"true\" class=\"e-font-icon-svg e-far-file-pdf\" viewBox=\"0 0 384 512\" xmlns=\"http:\/\/www.w3.org\/2000\/svg\"><path d=\"M369.9 97.9L286 14C277 5 264.8-.1 252.1-.1H48C21.5 0 0 21.5 0 48v416c0 26.5 21.5 48 48 48h288c26.5 0 48-21.5 48-48V131.9c0-12.7-5.1-25-14.1-34zM332.1 128H256V51.9l76.1 76.1zM48 464V48h160v104c0 13.3 10.7 24 24 24h104v288H48zm250.2-143.7c-12.2-12-47-8.7-64.4-6.5-17.2-10.5-28.7-25-36.8-46.3 3.9-16.1 10.1-40.6 5.4-56-4.2-26.2-37.8-23.6-42.6-5.9-4.4 16.1-.4 38.5 7 67.1-10 23.9-24.9 56-35.4 74.4-20 10.3-47 26.2-51 46.2-3.3 15.8 26 55.2 76.1-31.2 22.4-7.4 46.8-16.5 68.4-20.1 18.9 10.2 41 17 55.8 17 25.5 0 28-28.2 17.5-38.7zm-198.1 77.8c5.1-13.7 24.5-29.5 30.4-35-19 30.3-30.4 35.7-30.4 35zm81.6-190.6c7.4 0 6.7 32.1 1.8 40.8-4.4-13.9-4.3-40.8-1.8-40.8zm-24.4 136.6c9.7-16.9 18-37 24.7-54.7 8.3 15.1 18.9 27.2 30.1 35.5-20.8 4.3-38.9 13.1-54.8 19.2zm131.6-5s-5 6-37.3-7.8c35.1-2.6 40.9 5.4 37.3 7.8z\"><\/path><\/svg>\t\t\t<\/span>\n\t\t\t\t\t\t\t\t\t<span class=\"elementor-button-text\">Lire plus<\/span>\n\t\t\t\t\t<\/span>\n\t\t\t\t\t<\/a>\n\t\t\t\t\t\t\t\t<\/div>\n\t\t\t\t<\/div>\n\t\t<div class=\"elementor-element elementor-element-dcf899e e-con-full e-flex e-con e-child\" data-id=\"dcf899e\" data-element_type=\"container\">\n\t\t\t\t<div class=\"elementor-element elementor-element-93ce8a5 elementor-widget elementor-widget-image\" data-id=\"93ce8a5\" data-element_type=\"widget\" data-widget_type=\"image.default\">\n\t\t\t\t\t\t\t\t\t\t\t\t\t\t\t<img fetchpriority=\"high\" decoding=\"async\" width=\"1024\" height=\"768\" src=\"https:\/\/communautecongolaiseunie.co.za\/wp-content\/uploads\/2026\/01\/WhatsApp-Image-2026-01-19-at-15.30.59-1024x768.jpeg\" class=\"attachment-large size-large wp-image-143\" alt=\"\" srcset=\"https:\/\/communautecongolaiseunie.co.za\/wp-content\/uploads\/2026\/01\/WhatsApp-Image-2026-01-19-at-15.30.59-1024x768.jpeg 1024w, https:\/\/communautecongolaiseunie.co.za\/wp-content\/uploads\/2026\/01\/WhatsApp-Image-2026-01-19-at-15.30.59-300x225.jpeg 300w, https:\/\/communautecongolaiseunie.co.za\/wp-content\/uploads\/2026\/01\/WhatsApp-Image-2026-01-19-at-15.30.59-768x576.jpeg 768w, https:\/\/communautecongolaiseunie.co.za\/wp-content\/uploads\/2026\/01\/WhatsApp-Image-2026-01-19-at-15.30.59-1536x1152.jpeg 1536w, https:\/\/communautecongolaiseunie.co.za\/wp-content\/uploads\/2026\/01\/WhatsApp-Image-2026-01-19-at-15.30.59.jpeg 1600w\" sizes=\"(max-width: 1024px) 100vw, 1024px\" \/>\t\t\t\t\t\t\t\t\t\t\t\t\t\t\t<\/div>\n\t\t\t\t<\/div>\n\t\t\t\t\t<\/div>\n\t\t\t\t<\/div>\n\t\t<div class=\"elementor-element elementor-element-9660654 e-con-full e-flex e-con e-parent\" data-id=\"9660654\" data-element_type=\"container\">\n\t\t\t\t<div class=\"elementor-element elementor-element-0789930 gallery-spacing-custom elementor-widget elementor-widget-image-gallery\" data-id=\"0789930\" data-element_type=\"widget\" data-widget_type=\"image-gallery.default\">\n\t\t\t\t\t\t\t<div class=\"elementor-image-gallery\">\n\t\t\t<div id='gallery-1' class='gallery galleryid-23 gallery-columns-4 gallery-size-full'><figure class='gallery-item'>\n\t\t\t<div class='gallery-icon landscape'>\n\t\t\t\t<a data-elementor-open-lightbox=\"yes\" data-elementor-lightbox-slideshow=\"0789930\" data-elementor-lightbox-title=\"1898ddee-17d3-4d79-8770-0f244e960455\" data-e-action-hash=\"#elementor-action%3Aaction%3Dlightbox%26settings%3DeyJpZCI6MTYyLCJ1cmwiOiJodHRwczpcL1wvY29tbXVuYXV0ZWNvbmdvbGFpc2V1bmllLmNvLnphXC93cC1jb250ZW50XC91cGxvYWRzXC8yMDI2XC8wMVwvMTg5OGRkZWUtMTdkMy00ZDc5LTg3NzAtMGYyNDRlOTYwNDU1LmpwZyIsInNsaWRlc2hvdyI6IjA3ODk5MzAifQ%3D%3D\" href='https:\/\/communautecongolaiseunie.co.za\/wp-content\/uploads\/2026\/01\/1898ddee-17d3-4d79-8770-0f244e960455.jpg'><img decoding=\"async\" width=\"1600\" height=\"1200\" src=\"https:\/\/communautecongolaiseunie.co.za\/wp-content\/uploads\/2026\/01\/1898ddee-17d3-4d79-8770-0f244e960455.jpg\" class=\"attachment-full size-full\" alt=\"\" srcset=\"https:\/\/communautecongolaiseunie.co.za\/wp-content\/uploads\/2026\/01\/1898ddee-17d3-4d79-8770-0f244e960455.jpg 1600w, https:\/\/communautecongolaiseunie.co.za\/wp-content\/uploads\/2026\/01\/1898ddee-17d3-4d79-8770-0f244e960455-300x225.jpg 300w, https:\/\/communautecongolaiseunie.co.za\/wp-content\/uploads\/2026\/01\/1898ddee-17d3-4d79-8770-0f244e960455-1024x768.jpg 1024w, https:\/\/communautecongolaiseunie.co.za\/wp-content\/uploads\/2026\/01\/1898ddee-17d3-4d79-8770-0f244e960455-768x576.jpg 768w, https:\/\/communautecongolaiseunie.co.za\/wp-content\/uploads\/2026\/01\/1898ddee-17d3-4d79-8770-0f244e960455-1536x1152.jpg 1536w\" sizes=\"(max-width: 1600px) 100vw, 1600px\" \/><\/a>\n\t\t\t<\/div><\/figure><figure class='gallery-item'>\n\t\t\t<div class='gallery-icon landscape'>\n\t\t\t\t<a data-elementor-open-lightbox=\"yes\" data-elementor-lightbox-slideshow=\"0789930\" data-elementor-lightbox-title=\"3b588fec-a1a4-4187-8893-13f0410f20c0\" data-e-action-hash=\"#elementor-action%3Aaction%3Dlightbox%26settings%3DeyJpZCI6MTY0LCJ1cmwiOiJodHRwczpcL1wvY29tbXVuYXV0ZWNvbmdvbGFpc2V1bmllLmNvLnphXC93cC1jb250ZW50XC91cGxvYWRzXC8yMDI2XC8wMVwvM2I1ODhmZWMtYTFhNC00MTg3LTg4OTMtMTNmMDQxMGYyMGMwLmpwZyIsInNsaWRlc2hvdyI6IjA3ODk5MzAifQ%3D%3D\" href='https:\/\/communautecongolaiseunie.co.za\/wp-content\/uploads\/2026\/01\/3b588fec-a1a4-4187-8893-13f0410f20c0.jpg'><img decoding=\"async\" width=\"1600\" height=\"1200\" src=\"https:\/\/communautecongolaiseunie.co.za\/wp-content\/uploads\/2026\/01\/3b588fec-a1a4-4187-8893-13f0410f20c0.jpg\" class=\"attachment-full size-full\" alt=\"\" srcset=\"https:\/\/communautecongolaiseunie.co.za\/wp-content\/uploads\/2026\/01\/3b588fec-a1a4-4187-8893-13f0410f20c0.jpg 1600w, https:\/\/communautecongolaiseunie.co.za\/wp-content\/uploads\/2026\/01\/3b588fec-a1a4-4187-8893-13f0410f20c0-300x225.jpg 300w, https:\/\/communautecongolaiseunie.co.za\/wp-content\/uploads\/2026\/01\/3b588fec-a1a4-4187-8893-13f0410f20c0-1024x768.jpg 1024w, https:\/\/communautecongolaiseunie.co.za\/wp-content\/uploads\/2026\/01\/3b588fec-a1a4-4187-8893-13f0410f20c0-768x576.jpg 768w, https:\/\/communautecongolaiseunie.co.za\/wp-content\/uploads\/2026\/01\/3b588fec-a1a4-4187-8893-13f0410f20c0-1536x1152.jpg 1536w\" sizes=\"(max-width: 1600px) 100vw, 1600px\" \/><\/a>\n\t\t\t<\/div><\/figure><figure class='gallery-item'>\n\t\t\t<div class='gallery-icon landscape'>\n\t\t\t\t<a data-elementor-open-lightbox=\"yes\" data-elementor-lightbox-slideshow=\"0789930\" data-elementor-lightbox-title=\"4032ce88-3eea-4d6d-bc6d-59485a3d5448\" data-e-action-hash=\"#elementor-action%3Aaction%3Dlightbox%26settings%3DeyJpZCI6MTY1LCJ1cmwiOiJodHRwczpcL1wvY29tbXVuYXV0ZWNvbmdvbGFpc2V1bmllLmNvLnphXC93cC1jb250ZW50XC91cGxvYWRzXC8yMDI2XC8wMVwvNDAzMmNlODgtM2VlYS00ZDZkLWJjNmQtNTk0ODVhM2Q1NDQ4LmpwZyIsInNsaWRlc2hvdyI6IjA3ODk5MzAifQ%3D%3D\" href='https:\/\/communautecongolaiseunie.co.za\/wp-content\/uploads\/2026\/01\/4032ce88-3eea-4d6d-bc6d-59485a3d5448.jpg'><img loading=\"lazy\" decoding=\"async\" width=\"1600\" height=\"1200\" src=\"https:\/\/communautecongolaiseunie.co.za\/wp-content\/uploads\/2026\/01\/4032ce88-3eea-4d6d-bc6d-59485a3d5448.jpg\" class=\"attachment-full size-full\" alt=\"\" srcset=\"https:\/\/communautecongolaiseunie.co.za\/wp-content\/uploads\/2026\/01\/4032ce88-3eea-4d6d-bc6d-59485a3d5448.jpg 1600w, https:\/\/communautecongolaiseunie.co.za\/wp-content\/uploads\/2026\/01\/4032ce88-3eea-4d6d-bc6d-59485a3d5448-300x225.jpg 300w, https:\/\/communautecongolaiseunie.co.za\/wp-content\/uploads\/2026\/01\/4032ce88-3eea-4d6d-bc6d-59485a3d5448-1024x768.jpg 1024w, https:\/\/communautecongolaiseunie.co.za\/wp-content\/uploads\/2026\/01\/4032ce88-3eea-4d6d-bc6d-59485a3d5448-768x576.jpg 768w, https:\/\/communautecongolaiseunie.co.za\/wp-content\/uploads\/2026\/01\/4032ce88-3eea-4d6d-bc6d-59485a3d5448-1536x1152.jpg 1536w\" sizes=\"(max-width: 1600px) 100vw, 1600px\" \/><\/a>\n\t\t\t<\/div><\/figure><figure class='gallery-item'>\n\t\t\t<div class='gallery-icon landscape'>\n\t\t\t\t<a data-elementor-open-lightbox=\"yes\" data-elementor-lightbox-slideshow=\"0789930\" data-elementor-lightbox-title=\"a5f16553-b6ea-4237-a9f5-f81d77acb1d2\" data-e-action-hash=\"#elementor-action%3Aaction%3Dlightbox%26settings%3DeyJpZCI6MTY2LCJ1cmwiOiJodHRwczpcL1wvY29tbXVuYXV0ZWNvbmdvbGFpc2V1bmllLmNvLnphXC93cC1jb250ZW50XC91cGxvYWRzXC8yMDI2XC8wMVwvYTVmMTY1NTMtYjZlYS00MjM3LWE5ZjUtZjgxZDc3YWNiMWQyLmpwZyIsInNsaWRlc2hvdyI6IjA3ODk5MzAifQ%3D%3D\" href='https:\/\/communautecongolaiseunie.co.za\/wp-content\/uploads\/2026\/01\/a5f16553-b6ea-4237-a9f5-f81d77acb1d2.jpg'><img loading=\"lazy\" decoding=\"async\" width=\"1280\" height=\"960\" src=\"https:\/\/communautecongolaiseunie.co.za\/wp-content\/uploads\/2026\/01\/a5f16553-b6ea-4237-a9f5-f81d77acb1d2.jpg\" class=\"attachment-full size-full\" alt=\"\" srcset=\"https:\/\/communautecongolaiseunie.co.za\/wp-content\/uploads\/2026\/01\/a5f16553-b6ea-4237-a9f5-f81d77acb1d2.jpg 1280w, https:\/\/communautecongolaiseunie.co.za\/wp-content\/uploads\/2026\/01\/a5f16553-b6ea-4237-a9f5-f81d77acb1d2-300x225.jpg 300w, https:\/\/communautecongolaiseunie.co.za\/wp-content\/uploads\/2026\/01\/a5f16553-b6ea-4237-a9f5-f81d77acb1d2-1024x768.jpg 1024w, https:\/\/communautecongolaiseunie.co.za\/wp-content\/uploads\/2026\/01\/a5f16553-b6ea-4237-a9f5-f81d77acb1d2-768x576.jpg 768w\" sizes=\"(max-width: 1280px) 100vw, 1280px\" \/><\/a>\n\t\t\t<\/div><\/figure>\n\t\t<\/div>\n\t\t<\/div>\n\t\t\t\t\t\t<\/div>\n\t\t\t\t<\/div>\n\t\t\t\t<\/div>\n\t\t","protected":false},"excerpt":{"rendered":"<p>Structures La Communaut\u00e9 Congolaise Unie (CCU) sera structur\u00e9e comme suit;a) L\u2019ASSEMBL\u00c9EET LE G\u00c9N\u00c9RALEElle est compos\u00e9e de tous ses membres effectifs, sous r\u00e9serve de disposition de cetteconstitution.(b) LE CONSEIL DES SAGESCompos\u00e9 de 20 membres, ne doit pas avoir plus de 20 Si\u00e8ges (Annexe2).Il est l\u2019organe dirigeant de la communaut\u00e9 congolaise unie.Article 6Interpr\u00e9tationsDans cette constitution, sauf indication [&hellip;]<\/p>\n","protected":false},"author":1,"featured_media":0,"parent":0,"menu_order":0,"comment_status":"closed","ping_status":"closed","template":"","meta":{"footnotes":""},"class_list":["post-23","page","type-page","status-publish","hentry"],"blocksy_meta":[],"_links":{"self":[{"href":"https:\/\/communautecongolaiseunie.co.za\/index.php\/wp-json\/wp\/v2\/pages\/23","targetHints":{"allow":["GET"]}}],"collection":[{"href":"https:\/\/communautecongolaiseunie.co.za\/index.php\/wp-json\/wp\/v2\/pages"}],"about":[{"href":"https:\/\/communautecongolaiseunie.co.za\/index.php\/wp-json\/wp\/v2\/types\/page"}],"author":[{"embeddable":true,"href":"https:\/\/communautecongolaiseunie.co.za\/index.php\/wp-json\/wp\/v2\/users\/1"}],"replies":[{"embeddable":true,"href":"https:\/\/communautecongolaiseunie.co.za\/index.php\/wp-json\/wp\/v2\/comments?post=23"}],"version-history":[{"count":52,"href":"https:\/\/communautecongolaiseunie.co.za\/index.php\/wp-json\/wp\/v2\/pages\/23\/revisions"}],"predecessor-version":[{"id":282,"href":"https:\/\/communautecongolaiseunie.co.za\/index.php\/wp-json\/wp\/v2\/pages\/23\/revisions\/282"}],"wp:attachment":[{"href":"https:\/\/communautecongolaiseunie.co.za\/index.php\/wp-json\/wp\/v2\/media?parent=23"}],"curies":[{"name":"wp","href":"https:\/\/api.w.org\/{rel}","templated":true}]}}